{"id":72,"date":"2023-05-08T10:19:25","date_gmt":"2023-05-08T10:19:25","guid":{"rendered":"https:\/\/milijunas-hrvatska.com\/?page_id=72"},"modified":"2024-09-02T11:18:49","modified_gmt":"2024-09-02T11:18:49","slug":"reklamirajte-kod-nas","status":"publish","type":"page","link":"https:\/\/milijunas-hrvatska.com\/?page_id=72","title":{"rendered":"Reklamirajte kod nas"},"content":{"rendered":"<div class=\"row\"  id=\"row-362917453\">\n\n\t<div id=\"col-285919484\" class=\"col small-12 large-12\"  >\n\t\t\t\t<div class=\"col-inner\"  >\n\t\t\t\n\t\t\t\n\t<div id=\"gap-719080849\" class=\"gap-element clearfix\" style=\"display:block; height:auto;\">\n\t\t\n<style>\n#gap-719080849 {\n  padding-top: 48px;\n}\n<\/style>\n\t<\/div>\n\t\n<h2 class=\"uppercase\">REKLAMIRAJTE KOD NAS<\/h2>\n\t<div id=\"text-15225143\" class=\"text\">\n\t\t\n<p>\u017delite istaknuti svoju aplikaciju ili web stranicu? Kod Pametnjakovi\u0107a vam nudimo oglasno mjesto koje \u0107e dosegnuti vi\u0161e od 10.000 ljudi mjese\u010dno.<br \/>\n\t\t\n<style>\n#text-15225143 {\n  font-size: 1.25rem;\n}\n<\/style>\n\t<\/div>\n\t\n\t\t<\/div>\n\t\t\t\t\t<\/div>\n\n\t\n<\/div>\n\t<section class=\"section\" id=\"section_1218259721\">\n\t\t<div class=\"bg section-bg fill bg-fill  bg-loaded\" >\n\n\t\t\t\n\t\t\t<div class=\"section-bg-overlay absolute fill\"><\/div>\n\t\t\t\n\n\t\t<\/div>\n\n\t\t\n\n\t\t<div class=\"section-content relative\">\n\t\t\t\n<div class=\"row row-large align-middle\"  id=\"row-958423816\">\n\n\t<div id=\"col-1874027157\" class=\"col medium-6 small-7 large-6\"  >\n\t\t\t\t<div class=\"col-inner\"  >\n\t\t\t\n\t\t\t\n\t<div class=\"img has-hover x md-x lg-x y md-y lg-y\" id=\"image_1447878097\">\n\t\t\t\t\t\t\t\t<div class=\"img-inner dark\" >\n\t\t\t<img loading=\"lazy\" decoding=\"async\" width=\"560\" height=\"1024\" src=\"https:\/\/milijunas-hrvatska.com\/wp-content\/uploads\/2023\/05\/IMG_8757-560x1024.jpeg\" class=\"attachment-large size-large\" alt=\"\" srcset=\"https:\/\/milijunas-hrvatska.com\/wp-content\/uploads\/2023\/05\/IMG_8757-560x1024.jpeg 560w, https:\/\/milijunas-hrvatska.com\/wp-content\/uploads\/2023\/05\/IMG_8757-164x300.jpeg 164w, https:\/\/milijunas-hrvatska.com\/wp-content\/uploads\/2023\/05\/IMG_8757-768x1403.jpeg 768w, https:\/\/milijunas-hrvatska.com\/wp-content\/uploads\/2023\/05\/IMG_8757-841x1536.jpeg 841w, https:\/\/milijunas-hrvatska.com\/wp-content\/uploads\/2023\/05\/IMG_8757-1121x2048.jpeg 1121w, https:\/\/milijunas-hrvatska.com\/wp-content\/uploads\/2023\/05\/IMG_8757.jpeg 1169w\" sizes=\"auto, (max-width: 560px) 100vw, 560px\" \/>\t\t\t\t\t\t\n\t\t\t\t\t<\/div>\n\t\t\t\t\t\t\t\t\n<style>\n#image_1447878097 {\n  width: 91%;\n}\n@media (min-width:550px) {\n  #image_1447878097 {\n    width: 72%;\n  }\n}\n<\/style>\n\t<\/div>\n\t\n\t\t<\/div>\n\t\t\t\t\t<\/div>\n\n\t\n\n\t<div id=\"col-1744288644\" class=\"col medium-6 small-5 large-6\"  >\n\t\t\t\t<div class=\"col-inner text-left\"  >\n\t\t\t\n\t\t\t\n<h2>Vi\u0161e informacija<\/h2>\n<p><a href=\"https:\/\/milijunas-hrvatska.com\/assets\/ADS\/pametnjakovic.pdf\">-&gt; Kliknite ovdje za preuzimanje datoteke<\/a><\/p>\n\t\t<\/div>\n\t\t\t\t\t<\/div>\n\n\t\n<\/div>\n\t<div id=\"gap-1706374325\" class=\"gap-element clearfix\" style=\"display:block; height:auto;\">\n\t\t\n<style>\n#gap-1706374325 {\n  padding-top: 30px;\n}\n<\/style>\n\t<\/div>\n\t\n\t\t<\/div>\n\n\t\t\n<style>\n#section_1218259721 {\n  padding-top: 3px;\n  padding-bottom: 3px;\n  background-color: rgb(255,255,255);\n}\n#section_1218259721 .section-bg-overlay {\n  background-color: rgba(255, 255, 255, 0.85);\n}\n<\/style>\n\t<\/section>\n\t\n","protected":false},"excerpt":{"rendered":"","protected":false},"author":1,"featured_media":0,"parent":0,"menu_order":0,"comment_status":"closed","ping_status":"closed","template":"page-blank.php","meta":{"footnotes":""},"class_list":["post-72","page","type-page","status-publish","hentry"],"yoast_head":"<!-- This site is optimized with the Yoast SEO plugin v23.3 - https:\/\/yoast.com\/wordpress\/plugins\/seo\/ -->\n<title>Reklamirajte kod nas - Pametnjakovi\u0107 Hrvatska<\/title>\n<meta name=\"description\" content=\"Reklamirajte kod nas! Va\u0161 oglas \u0107e vidjeti vi\u0161e od 10.000 ljudi mjese\u010dno. Pametnjakovi\u0107 Hrvatska reklame. Pristupa\u010dno ogla\u0161avanje.\" \/>\n<meta name=\"robots\" content=\"index, follow, max-snippet:-1, max-image-preview:large, max-video-preview:-1\" \/>\n<link rel=\"canonical\" href=\"https:\/\/milijunas-hrvatska.com\/?page_id=72\" \/>\n<meta property=\"og:locale\" content=\"sl_SI\" \/>\n<meta property=\"og:type\" content=\"article\" \/>\n<meta property=\"og:title\" content=\"Reklamirajte kod nas - Pametnjakovi\u0107 Hrvatska\" \/>\n<meta property=\"og:description\" content=\"Reklamirajte kod nas! Va\u0161 oglas \u0107e vidjeti vi\u0161e od 10.000 ljudi mjese\u010dno. Pametnjakovi\u0107 Hrvatska reklame. Pristupa\u010dno ogla\u0161avanje.\" \/>\n<meta property=\"og:url\" content=\"https:\/\/milijunas-hrvatska.com\/?page_id=72\" \/>\n<meta property=\"og:site_name\" content=\"Pametnjakovi\u0107 Hrvatska\" \/>\n<meta property=\"article:publisher\" content=\"https:\/\/www.facebook.com\/pametnjakovic\" \/>\n<meta property=\"article:modified_time\" content=\"2024-09-02T11:18:49+00:00\" \/>\n<meta name=\"twitter:card\" content=\"summary_large_image\" \/>\n<meta name=\"twitter:label1\" content=\"Est. reading time\" \/>\n\t<meta name=\"twitter:data1\" content=\"1 minuta\" \/>\n<script type=\"application\/ld+json\" class=\"yoast-schema-graph\">{\"@context\":\"https:\/\/schema.org\",\"@graph\":[{\"@type\":\"WebPage\",\"@id\":\"https:\/\/milijunas-hrvatska.com\/?page_id=72\",\"url\":\"https:\/\/milijunas-hrvatska.com\/?page_id=72\",\"name\":\"Reklamirajte kod nas - Pametnjakovi\u0107 Hrvatska\",\"isPartOf\":{\"@id\":\"https:\/\/milijunas-hrvatska.com\/#website\"},\"datePublished\":\"2023-05-08T10:19:25+00:00\",\"dateModified\":\"2024-09-02T11:18:49+00:00\",\"description\":\"Reklamirajte kod nas! Va\u0161 oglas \u0107e vidjeti vi\u0161e od 10.000 ljudi mjese\u010dno. Pametnjakovi\u0107 Hrvatska reklame. Pristupa\u010dno ogla\u0161avanje.\",\"breadcrumb\":{\"@id\":\"https:\/\/milijunas-hrvatska.com\/?page_id=72#breadcrumb\"},\"inLanguage\":\"sl-SI\",\"potentialAction\":[{\"@type\":\"ReadAction\",\"target\":[\"https:\/\/milijunas-hrvatska.com\/?page_id=72\"]}]},{\"@type\":\"BreadcrumbList\",\"@id\":\"https:\/\/milijunas-hrvatska.com\/?page_id=72#breadcrumb\",\"itemListElement\":[{\"@type\":\"ListItem\",\"position\":1,\"name\":\"Home\",\"item\":\"https:\/\/milijunas-hrvatska.com\/\"},{\"@type\":\"ListItem\",\"position\":2,\"name\":\"Reklamirajte kod nas\"}]},{\"@type\":\"WebSite\",\"@id\":\"https:\/\/milijunas-hrvatska.com\/#website\",\"url\":\"https:\/\/milijunas-hrvatska.com\/\",\"name\":\"Pametnjakovi\u0107 Hrvatska\",\"description\":\"Slu\u017ebena stranica aplikacije Pametnjakovi\u0107 Hrvatska\",\"publisher\":{\"@id\":\"https:\/\/milijunas-hrvatska.com\/#organization\"},\"potentialAction\":[{\"@type\":\"SearchAction\",\"target\":{\"@type\":\"EntryPoint\",\"urlTemplate\":\"https:\/\/milijunas-hrvatska.com\/?s={search_term_string}\"},\"query-input\":\"required name=search_term_string\"}],\"inLanguage\":\"sl-SI\"},{\"@type\":\"Organization\",\"@id\":\"https:\/\/milijunas-hrvatska.com\/#organization\",\"name\":\"Pametnjakovi\u0107 Hrvatska\",\"url\":\"https:\/\/milijunas-hrvatska.com\/\",\"logo\":{\"@type\":\"ImageObject\",\"inLanguage\":\"sl-SI\",\"@id\":\"https:\/\/milijunas-hrvatska.com\/#\/schema\/logo\/image\/\",\"url\":\"https:\/\/milijunas-hrvatska.com\/wp-content\/uploads\/2023\/04\/311179222_182531354289191_4078534098345751594_n.jpg\",\"contentUrl\":\"https:\/\/milijunas-hrvatska.com\/wp-content\/uploads\/2023\/04\/311179222_182531354289191_4078534098345751594_n.jpg\",\"width\":2048,\"height\":2047,\"caption\":\"Pametnjakovi\u0107 Hrvatska\"},\"image\":{\"@id\":\"https:\/\/milijunas-hrvatska.com\/#\/schema\/logo\/image\/\"},\"sameAs\":[\"https:\/\/www.facebook.com\/pametnjakovic\"]}]}<\/script>\n<!-- \/ Yoast SEO plugin. -->","yoast_head_json":{"title":"Reklamirajte kod nas - Pametnjakovi\u0107 Hrvatska","description":"Reklamirajte kod nas! Va\u0161 oglas \u0107e vidjeti vi\u0161e od 10.000 ljudi mjese\u010dno. Pametnjakovi\u0107 Hrvatska reklame. Pristupa\u010dno ogla\u0161avanje.","robots":{"index":"index","follow":"follow","max-snippet":"max-snippet:-1","max-image-preview":"max-image-preview:large","max-video-preview":"max-video-preview:-1"},"canonical":"https:\/\/milijunas-hrvatska.com\/?page_id=72","og_locale":"sl_SI","og_type":"article","og_title":"Reklamirajte kod nas - Pametnjakovi\u0107 Hrvatska","og_description":"Reklamirajte kod nas! Va\u0161 oglas \u0107e vidjeti vi\u0161e od 10.000 ljudi mjese\u010dno. Pametnjakovi\u0107 Hrvatska reklame. Pristupa\u010dno ogla\u0161avanje.","og_url":"https:\/\/milijunas-hrvatska.com\/?page_id=72","og_site_name":"Pametnjakovi\u0107 Hrvatska","article_publisher":"https:\/\/www.facebook.com\/pametnjakovic","article_modified_time":"2024-09-02T11:18:49+00:00","twitter_card":"summary_large_image","twitter_misc":{"Est. reading time":"1 minuta"},"schema":{"@context":"https:\/\/schema.org","@graph":[{"@type":"WebPage","@id":"https:\/\/milijunas-hrvatska.com\/?page_id=72","url":"https:\/\/milijunas-hrvatska.com\/?page_id=72","name":"Reklamirajte kod nas - Pametnjakovi\u0107 Hrvatska","isPartOf":{"@id":"https:\/\/milijunas-hrvatska.com\/#website"},"datePublished":"2023-05-08T10:19:25+00:00","dateModified":"2024-09-02T11:18:49+00:00","description":"Reklamirajte kod nas! Va\u0161 oglas \u0107e vidjeti vi\u0161e od 10.000 ljudi mjese\u010dno. Pametnjakovi\u0107 Hrvatska reklame. Pristupa\u010dno ogla\u0161avanje.","breadcrumb":{"@id":"https:\/\/milijunas-hrvatska.com\/?page_id=72#breadcrumb"},"inLanguage":"sl-SI","potentialAction":[{"@type":"ReadAction","target":["https:\/\/milijunas-hrvatska.com\/?page_id=72"]}]},{"@type":"BreadcrumbList","@id":"https:\/\/milijunas-hrvatska.com\/?page_id=72#breadcrumb","itemListElement":[{"@type":"ListItem","position":1,"name":"Home","item":"https:\/\/milijunas-hrvatska.com\/"},{"@type":"ListItem","position":2,"name":"Reklamirajte kod nas"}]},{"@type":"WebSite","@id":"https:\/\/milijunas-hrvatska.com\/#website","url":"https:\/\/milijunas-hrvatska.com\/","name":"Pametnjakovi\u0107 Hrvatska","description":"Slu\u017ebena stranica aplikacije Pametnjakovi\u0107 Hrvatska","publisher":{"@id":"https:\/\/milijunas-hrvatska.com\/#organization"},"potentialAction":[{"@type":"SearchAction","target":{"@type":"EntryPoint","urlTemplate":"https:\/\/milijunas-hrvatska.com\/?s={search_term_string}"},"query-input":"required name=search_term_string"}],"inLanguage":"sl-SI"},{"@type":"Organization","@id":"https:\/\/milijunas-hrvatska.com\/#organization","name":"Pametnjakovi\u0107 Hrvatska","url":"https:\/\/milijunas-hrvatska.com\/","logo":{"@type":"ImageObject","inLanguage":"sl-SI","@id":"https:\/\/milijunas-hrvatska.com\/#\/schema\/logo\/image\/","url":"https:\/\/milijunas-hrvatska.com\/wp-content\/uploads\/2023\/04\/311179222_182531354289191_4078534098345751594_n.jpg","contentUrl":"https:\/\/milijunas-hrvatska.com\/wp-content\/uploads\/2023\/04\/311179222_182531354289191_4078534098345751594_n.jpg","width":2048,"height":2047,"caption":"Pametnjakovi\u0107 Hrvatska"},"image":{"@id":"https:\/\/milijunas-hrvatska.com\/#\/schema\/logo\/image\/"},"sameAs":["https:\/\/www.facebook.com\/pametnjakovic"]}]}},"_links":{"self":[{"href":"https:\/\/milijunas-hrvatska.com\/index.php?rest_route=\/wp\/v2\/pages\/72","targetHints":{"allow":["GET"]}}],"collection":[{"href":"https:\/\/milijunas-hrvatska.com\/index.php?rest_route=\/wp\/v2\/pages"}],"about":[{"href":"https:\/\/milijunas-hrvatska.com\/index.php?rest_route=\/wp\/v2\/types\/page"}],"author":[{"embeddable":true,"href":"https:\/\/milijunas-hrvatska.com\/index.php?rest_route=\/wp\/v2\/users\/1"}],"replies":[{"embeddable":true,"href":"https:\/\/milijunas-hrvatska.com\/index.php?rest_route=%2Fwp%2Fv2%2Fcomments&post=72"}],"version-history":[{"count":9,"href":"https:\/\/milijunas-hrvatska.com\/index.php?rest_route=\/wp\/v2\/pages\/72\/revisions"}],"predecessor-version":[{"id":105,"href":"https:\/\/milijunas-hrvatska.com\/index.php?rest_route=\/wp\/v2\/pages\/72\/revisions\/105"}],"wp:attachment":[{"href":"https:\/\/milijunas-hrvatska.com\/index.php?rest_route=%2Fwp%2Fv2%2Fmedia&parent=72"}],"curies":[{"name":"wp","href":"https:\/\/api.w.org\/{rel}","templated":true}]}}