{"id":45,"date":"2023-05-03T08:54:01","date_gmt":"2023-05-03T08:54:01","guid":{"rendered":"https:\/\/milijunas-hrvatska.com\/?page_id=45"},"modified":"2023-05-26T12:34:41","modified_gmt":"2023-05-26T12:34:41","slug":"vise-informacija","status":"publish","type":"page","link":"https:\/\/milijunas-hrvatska.com\/?page_id=45","title":{"rendered":"Vi\u0161e informacija"},"content":{"rendered":"\t<section class=\"section\" id=\"section_837119211\">\n\t\t<div class=\"bg section-bg fill bg-fill  bg-loaded\" >\n\n\t\t\t\n\t\t\t\n\t\t\t\n\n\t\t<\/div>\n\n\t\t\n\n\t\t<div class=\"section-content relative\">\n\t\t\t\n<div class=\"row row-large align-center\"  id=\"row-332379887\">\n\n\t<div id=\"col-708749235\" class=\"col medium-11 small-12 large-11\"  >\n\t\t\t\t<div class=\"col-inner\"  >\n\t\t\t\n\t\t\t\n\t<div id=\"text-444319662\" class=\"text\">\n\t\t\n<h3>PAMETNJAKOVI\u0106 HRVATSKA 3.1.0 A\u017dURIRANJE<\/h3>\n\t\t\n<style>\n#text-444319662 {\n  font-size: 2.5rem;\n  line-height: 1;\n}\n@media (min-width:550px) {\n  #text-444319662 {\n    font-size: 3.5rem;\n  }\n}\n@media (min-width:850px) {\n  #text-444319662 {\n    font-size: 2.5rem;\n  }\n}\n<\/style>\n\t<\/div>\n\t\n\t<div id=\"text-2408654935\" class=\"text\">\n\t\t\n<p class=\"lead\">Do\u0161lo je vrijeme za novo a\u017euriranje funkcionalnosti aplikacije Pametnjakovi\u0107 Hrvatska. A\u017euriranje je slu\u017ebeno objavljeno 24.4.2023. za Android i iOS ure\u0111aje. Aplikaciju je mogu\u0107e instalirati i na Apple Silicon ure\u0111aje (M1 i M2 procesori).<\/p>\n\t\t\n<style>\n#text-2408654935 {\n  font-size: 0.75rem;\n}\n<\/style>\n\t<\/div>\n\t\n\t<div class=\"img has-hover x md-x lg-x y md-y lg-y\" id=\"image_1050515054\">\n\t\t\t\t\t\t\t\t<div class=\"img-inner dark\" >\n\t\t\t<img loading=\"lazy\" decoding=\"async\" width=\"936\" height=\"603\" src=\"https:\/\/milijunas-hrvatska.com\/wp-content\/uploads\/2023\/05\/6FD77212-C70E-46A9-AE5C-17B397009AA1.jpeg\" class=\"attachment-large size-large\" alt=\"\" srcset=\"https:\/\/milijunas-hrvatska.com\/wp-content\/uploads\/2023\/05\/6FD77212-C70E-46A9-AE5C-17B397009AA1.jpeg 936w, https:\/\/milijunas-hrvatska.com\/wp-content\/uploads\/2023\/05\/6FD77212-C70E-46A9-AE5C-17B397009AA1-300x193.jpeg 300w, https:\/\/milijunas-hrvatska.com\/wp-content\/uploads\/2023\/05\/6FD77212-C70E-46A9-AE5C-17B397009AA1-768x495.jpeg 768w\" sizes=\"auto, (max-width: 936px) 100vw, 936px\" \/>\t\t\t\t\t\t\n\t\t\t\t\t<\/div>\n\t\t\t\t\t\t\t\t\n<style>\n#image_1050515054 {\n  width: 71%;\n}\n@media (min-width:550px) {\n  #image_1050515054 {\n    width: 52%;\n  }\n}\n<\/style>\n\t<\/div>\n\t\n\t<div class=\"img has-hover x md-x lg-x y md-y lg-y\" id=\"image_2002056254\">\n\t\t\t\t\t\t\t\t<div class=\"img-inner dark\" >\n\t\t\t\t\t\t\t\t\t\n\t\t\t\t\t<\/div>\n\t\t\t\t\t\t\t\t\n<style>\n#image_2002056254 {\n  width: 72%;\n}\n@media (min-width:550px) {\n  #image_2002056254 {\n    width: 51%;\n  }\n}\n<\/style>\n\t<\/div>\n\t\n\t<div id=\"gap-1309752633\" class=\"gap-element clearfix\" style=\"display:block; height:auto;\">\n\t\t\n<style>\n#gap-1309752633 {\n  padding-top: 48px;\n}\n<\/style>\n\t<\/div>\n\t\n\t<div id=\"text-4219712637\" class=\"text\">\n\t\t\n<h2 class=\"uppercase\">NovI na\u010din BODOVANJA<\/h2>\n<h3 class=\"thin-font\">U a\u017euriranju aplikacije 3.1.0 dostupan je novi uvid u bodove igra\u010da. Dodan je tab &#8220;TOP IGRA\u010cI&#8221; gdje se bilje\u017ee ukupni bodovi svih izazova i klasi\u010dnih igara. U ovoj kartici mo\u017eemo vidjeti igra\u010de s najvi\u0161e bodova.<\/h3>\n\t\t\n<style>\n#text-4219712637 {\n  font-size: 1rem;\n}\n<\/style>\n\t<\/div>\n\t\n\t<div id=\"gap-479735182\" class=\"gap-element clearfix\" style=\"display:block; height:auto;\">\n\t\t\n<style>\n#gap-479735182 {\n  padding-top: 30px;\n}\n<\/style>\n\t<\/div>\n\t\n\t<div class=\"img has-hover x md-x lg-x y md-y lg-y\" id=\"image_2001835525\">\n\t\t\t\t\t\t\t\t<div class=\"img-inner dark\" >\n\t\t\t<img loading=\"lazy\" decoding=\"async\" width=\"2560\" height=\"2560\" src=\"https:\/\/milijunas-hrvatska.com\/wp-content\/uploads\/2023\/05\/E239CF40-9EF2-4C9D-B0BE-3DB3872F0BE9-scaled.jpeg\" class=\"attachment-original size-original\" alt=\"\" srcset=\"https:\/\/milijunas-hrvatska.com\/wp-content\/uploads\/2023\/05\/E239CF40-9EF2-4C9D-B0BE-3DB3872F0BE9-scaled.jpeg 2560w, https:\/\/milijunas-hrvatska.com\/wp-content\/uploads\/2023\/05\/E239CF40-9EF2-4C9D-B0BE-3DB3872F0BE9-300x300.jpeg 300w, https:\/\/milijunas-hrvatska.com\/wp-content\/uploads\/2023\/05\/E239CF40-9EF2-4C9D-B0BE-3DB3872F0BE9-1024x1024.jpeg 1024w, https:\/\/milijunas-hrvatska.com\/wp-content\/uploads\/2023\/05\/E239CF40-9EF2-4C9D-B0BE-3DB3872F0BE9-150x150.jpeg 150w, https:\/\/milijunas-hrvatska.com\/wp-content\/uploads\/2023\/05\/E239CF40-9EF2-4C9D-B0BE-3DB3872F0BE9-768x768.jpeg 768w, https:\/\/milijunas-hrvatska.com\/wp-content\/uploads\/2023\/05\/E239CF40-9EF2-4C9D-B0BE-3DB3872F0BE9-1536x1536.jpeg 1536w, https:\/\/milijunas-hrvatska.com\/wp-content\/uploads\/2023\/05\/E239CF40-9EF2-4C9D-B0BE-3DB3872F0BE9-2048x2048.jpeg 2048w\" sizes=\"auto, (max-width: 2560px) 100vw, 2560px\" \/>\t\t\t\t\t\t\n\t\t\t\t\t<\/div>\n\t\t\t\t\t\t\t\t\n<style>\n#image_2001835525 {\n  width: 76%;\n}\n@media (min-width:550px) {\n  #image_2001835525 {\n    width: 46%;\n  }\n}\n<\/style>\n\t<\/div>\n\t\n\t<div id=\"text-2446706236\" class=\"text\">\n\t\t\n<p class=\"lead\">Dodana je i kartica \u201cPROFIL\u201d gdje mo\u017eete pratiti svoj napredak u rje\u0161avanju raznih izazova.<\/p>\n\t\t\n<style>\n#text-2446706236 {\n  font-size: 0.75rem;\n}\n<\/style>\n\t<\/div>\n\t\n\t<div class=\"img has-hover x md-x lg-x y md-y lg-y\" id=\"image_1358815480\">\n\t\t\t\t\t\t\t\t<div class=\"img-inner dark\" >\n\t\t\t<img loading=\"lazy\" decoding=\"async\" width=\"1020\" height=\"1020\" src=\"https:\/\/milijunas-hrvatska.com\/wp-content\/uploads\/2023\/05\/FEBDC9F8-F026-4617-8A08-735FD15188B4-1024x1024.jpeg\" class=\"attachment-large size-large\" alt=\"\" srcset=\"https:\/\/milijunas-hrvatska.com\/wp-content\/uploads\/2023\/05\/FEBDC9F8-F026-4617-8A08-735FD15188B4-1024x1024.jpeg 1024w, https:\/\/milijunas-hrvatska.com\/wp-content\/uploads\/2023\/05\/FEBDC9F8-F026-4617-8A08-735FD15188B4-300x300.jpeg 300w, https:\/\/milijunas-hrvatska.com\/wp-content\/uploads\/2023\/05\/FEBDC9F8-F026-4617-8A08-735FD15188B4-150x150.jpeg 150w, https:\/\/milijunas-hrvatska.com\/wp-content\/uploads\/2023\/05\/FEBDC9F8-F026-4617-8A08-735FD15188B4-768x768.jpeg 768w, https:\/\/milijunas-hrvatska.com\/wp-content\/uploads\/2023\/05\/FEBDC9F8-F026-4617-8A08-735FD15188B4-1536x1536.jpeg 1536w, https:\/\/milijunas-hrvatska.com\/wp-content\/uploads\/2023\/05\/FEBDC9F8-F026-4617-8A08-735FD15188B4-2048x2048.jpeg 2048w\" sizes=\"auto, (max-width: 1020px) 100vw, 1020px\" \/>\t\t\t\t\t\t\n\t\t\t\t\t<\/div>\n\t\t\t\t\t\t\t\t\n<style>\n#image_1358815480 {\n  width: 82%;\n}\n@media (min-width:550px) {\n  #image_1358815480 {\n    width: 48%;\n  }\n}\n<\/style>\n\t<\/div>\n\t\n\t<div class=\"img has-hover x md-x lg-x y md-y lg-y\" id=\"image_2102145857\">\n\t\t\t\t\t\t\t\t<div class=\"img-inner dark\" >\n\t\t\t\t\t\t\t\t\t\n\t\t\t\t\t<\/div>\n\t\t\t\t\t\t\t\t\n<style>\n#image_2102145857 {\n  width: 48%;\n}\n@media (min-width:550px) {\n  #image_2102145857 {\n    width: 31%;\n  }\n}\n<\/style>\n\t<\/div>\n\t\n\t<div id=\"gap-1648448084\" class=\"gap-element clearfix\" style=\"display:block; height:auto;\">\n\t\t\n<style>\n#gap-1648448084 {\n  padding-top: 30px;\n}\n<\/style>\n\t<\/div>\n\t\n<h2 class=\"uppercase\">BODOVANJE<\/h2>\n<h3 class=\"thin-font\">Sljede\u0107i faktori uzimaju se u obzir u kona\u010dnom izra\u010dunu bodova za svaku igru:<\/h3>\n<h3>1.\u00a0Vrijeme igranja<\/h3>\n<p>Svaki igra\u010d zapo\u010dinje igru \u200b\u200bs 30.000 bonus bodova. Bonus bodovi se smanjuju za 100 bodova svake sekunde. Brzina odgovaranja na pitanja vrlo je va\u017ena kako biste zadr\u017eali \u0161to vi\u0161e bonus bodova.<\/p>\n<h3>2. Kori\u0161tenje izlaza u nu\u017edi<\/h3>\n<p>Kori\u0161tenje bilo kojeg izlaza u nu\u017edi automatski \u0107e poni\u0161titi svih 30.000 bonus bodova.<\/p>\n<h3>3. Broj odigranih utakmica<\/h3>\n<p>Igra\u010di koji su jednu igru \u200b\u200bigrali manje puta imat \u0107e bodove prioriteta u odnosu na igra\u010de koji su jednu igru \u200b\u200bigrali vi\u0161e puta. Time se bodovi pravedno raspore\u0111uju me\u0111u igra\u010dima.<\/p>\n<h3>4. TOP IGRA\u010cI<\/h3>\n<p>Bodovi za stupac &#8220;TOP IGRA\u010cI&#8221; vezani su uz e-mail adresu pojedinca. Dodat \u0107e se samo bodovi s istom unesenom e-mail adresom. Ako promijenite adresu e-po\u0161te, va\u0161i bodovi vi\u0161e ne\u0107e biti povezani s istim imenom.<\/p>\n\t<div id=\"text-3508361706\" class=\"text\">\n\t\t\n<p>Ako deinstalirate igru \u200b\u200bsa svog mobilnog ure\u0111aja, va\u0161 napredak \u0107e biti izbrisan nakon ponovne instalacije. Ostaju samo rezultati koje ste poslali na ljestvicu najboljih.<br \/>\n\t\t\n<style>\n#text-3508361706 {\n  color: rgb(255, 66, 0);\n}\n#text-3508361706 > * {\n  color: rgb(255, 66, 0);\n}\n<\/style>\n\t<\/div>\n\t\n\t\t<\/div>\n\t\t\t\t\n<style>\n#col-708749235 > .col-inner {\n  padding: 0px 0px 0px 0;\n}\n@media (min-width:550px) {\n  #col-708749235 > .col-inner {\n    padding: 0px 120px 0px 0px;\n  }\n}\n<\/style>\n\t<\/div>\n\n\t\n<\/div>\n\t\t<\/div>\n\n\t\t\n<style>\n#section_837119211 {\n  padding-top: 60px;\n  padding-bottom: 60px;\n}\n<\/style>\n\t<\/section>\n\t\n\t<section class=\"section\" id=\"section_642766728\">\n\t\t<div class=\"bg section-bg fill bg-fill  bg-loaded\" >\n\n\t\t\t\n\t\t\t\n\t\t\t\n\n\t\t<\/div>\n\n\t\t\n\n\t\t<div class=\"section-content relative\">\n\t\t\t\n\t\t<\/div>\n\n\t\t\n<style>\n#section_642766728 {\n  padding-top: 17px;\n  padding-bottom: 17px;\n}\n<\/style>\n\t<\/section>\n\t\n<div class=\"row row-large align-center\"  id=\"row-918536127\">\n<\/div>\n\n\t<div id=\"col-763628608\" class=\"col medium-11 small-12 large-11\"  >\n\t\t\t\t<div class=\"col-inner\"  >\n\t\t\t\n\t\t\t\n\t\t<\/div>\n\t\t\t\t\n<style>\n#col-763628608 > .col-inner {\n  padding: 0px 0px 0px 0;\n}\n@media (min-width:550px) {\n  #col-763628608 > .col-inner {\n    padding: 0px 120px 0px 0px;\n  }\n}\n<\/style>\n\t<\/div>\n\n\t\n\t<div id=\"text-209398225\" class=\"text\">\n\t\t\n\t\t\n<style>\n#text-209398225 {\n  font-size: 2.5rem;\n  line-height: 1;\n}\n@media (min-width:550px) {\n  #text-209398225 {\n    font-size: 3.5rem;\n  }\n}\n@media (min-width:850px) {\n  #text-209398225 {\n    font-size: 2.5rem;\n  }\n}\n<\/style>\n\t<\/div>\n\t\n<h3><\/h3>\n","protected":false},"excerpt":{"rendered":"","protected":false},"author":1,"featured_media":0,"parent":0,"menu_order":0,"comment_status":"closed","ping_status":"closed","template":"page-blank.php","meta":{"footnotes":""},"class_list":["post-45","page","type-page","status-publish","hentry"],"yoast_head":"<!-- This site is optimized with the Yoast SEO plugin v23.3 - https:\/\/yoast.com\/wordpress\/plugins\/seo\/ -->\n<title>Vi\u0161e informacija - Pametnjakovi\u0107 Hrvatska<\/title>\n<meta name=\"robots\" content=\"index, follow, max-snippet:-1, max-image-preview:large, max-video-preview:-1\" \/>\n<link rel=\"canonical\" href=\"https:\/\/milijunas-hrvatska.com\/?page_id=45\" \/>\n<meta property=\"og:locale\" content=\"sl_SI\" \/>\n<meta property=\"og:type\" content=\"article\" \/>\n<meta property=\"og:title\" content=\"Vi\u0161e informacija - Pametnjakovi\u0107 Hrvatska\" \/>\n<meta property=\"og:url\" content=\"https:\/\/milijunas-hrvatska.com\/?page_id=45\" \/>\n<meta property=\"og:site_name\" content=\"Pametnjakovi\u0107 Hrvatska\" \/>\n<meta property=\"article:publisher\" content=\"https:\/\/www.facebook.com\/pametnjakovic\" \/>\n<meta property=\"article:modified_time\" content=\"2023-05-26T12:34:41+00:00\" \/>\n<meta name=\"twitter:card\" content=\"summary_large_image\" \/>\n<meta name=\"twitter:label1\" content=\"Est. reading time\" \/>\n\t<meta name=\"twitter:data1\" content=\"2 minuti\" \/>\n<script type=\"application\/ld+json\" class=\"yoast-schema-graph\">{\"@context\":\"https:\/\/schema.org\",\"@graph\":[{\"@type\":\"WebPage\",\"@id\":\"https:\/\/milijunas-hrvatska.com\/?page_id=45\",\"url\":\"https:\/\/milijunas-hrvatska.com\/?page_id=45\",\"name\":\"Vi\u0161e informacija - Pametnjakovi\u0107 Hrvatska\",\"isPartOf\":{\"@id\":\"https:\/\/milijunas-hrvatska.com\/#website\"},\"datePublished\":\"2023-05-03T08:54:01+00:00\",\"dateModified\":\"2023-05-26T12:34:41+00:00\",\"breadcrumb\":{\"@id\":\"https:\/\/milijunas-hrvatska.com\/?page_id=45#breadcrumb\"},\"inLanguage\":\"sl-SI\",\"potentialAction\":[{\"@type\":\"ReadAction\",\"target\":[\"https:\/\/milijunas-hrvatska.com\/?page_id=45\"]}]},{\"@type\":\"BreadcrumbList\",\"@id\":\"https:\/\/milijunas-hrvatska.com\/?page_id=45#breadcrumb\",\"itemListElement\":[{\"@type\":\"ListItem\",\"position\":1,\"name\":\"Home\",\"item\":\"https:\/\/milijunas-hrvatska.com\/\"},{\"@type\":\"ListItem\",\"position\":2,\"name\":\"Vi\u0161e informacija\"}]},{\"@type\":\"WebSite\",\"@id\":\"https:\/\/milijunas-hrvatska.com\/#website\",\"url\":\"https:\/\/milijunas-hrvatska.com\/\",\"name\":\"Pametnjakovi\u0107 Hrvatska\",\"description\":\"Slu\u017ebena stranica aplikacije Pametnjakovi\u0107 Hrvatska\",\"publisher\":{\"@id\":\"https:\/\/milijunas-hrvatska.com\/#organization\"},\"potentialAction\":[{\"@type\":\"SearchAction\",\"target\":{\"@type\":\"EntryPoint\",\"urlTemplate\":\"https:\/\/milijunas-hrvatska.com\/?s={search_term_string}\"},\"query-input\":\"required name=search_term_string\"}],\"inLanguage\":\"sl-SI\"},{\"@type\":\"Organization\",\"@id\":\"https:\/\/milijunas-hrvatska.com\/#organization\",\"name\":\"Pametnjakovi\u0107 Hrvatska\",\"url\":\"https:\/\/milijunas-hrvatska.com\/\",\"logo\":{\"@type\":\"ImageObject\",\"inLanguage\":\"sl-SI\",\"@id\":\"https:\/\/milijunas-hrvatska.com\/#\/schema\/logo\/image\/\",\"url\":\"https:\/\/milijunas-hrvatska.com\/wp-content\/uploads\/2023\/04\/311179222_182531354289191_4078534098345751594_n.jpg\",\"contentUrl\":\"https:\/\/milijunas-hrvatska.com\/wp-content\/uploads\/2023\/04\/311179222_182531354289191_4078534098345751594_n.jpg\",\"width\":2048,\"height\":2047,\"caption\":\"Pametnjakovi\u0107 Hrvatska\"},\"image\":{\"@id\":\"https:\/\/milijunas-hrvatska.com\/#\/schema\/logo\/image\/\"},\"sameAs\":[\"https:\/\/www.facebook.com\/pametnjakovic\"]}]}<\/script>\n<!-- \/ Yoast SEO plugin. -->","yoast_head_json":{"title":"Vi\u0161e informacija - Pametnjakovi\u0107 Hrvatska","robots":{"index":"index","follow":"follow","max-snippet":"max-snippet:-1","max-image-preview":"max-image-preview:large","max-video-preview":"max-video-preview:-1"},"canonical":"https:\/\/milijunas-hrvatska.com\/?page_id=45","og_locale":"sl_SI","og_type":"article","og_title":"Vi\u0161e informacija - Pametnjakovi\u0107 Hrvatska","og_url":"https:\/\/milijunas-hrvatska.com\/?page_id=45","og_site_name":"Pametnjakovi\u0107 Hrvatska","article_publisher":"https:\/\/www.facebook.com\/pametnjakovic","article_modified_time":"2023-05-26T12:34:41+00:00","twitter_card":"summary_large_image","twitter_misc":{"Est. reading time":"2 minuti"},"schema":{"@context":"https:\/\/schema.org","@graph":[{"@type":"WebPage","@id":"https:\/\/milijunas-hrvatska.com\/?page_id=45","url":"https:\/\/milijunas-hrvatska.com\/?page_id=45","name":"Vi\u0161e informacija - Pametnjakovi\u0107 Hrvatska","isPartOf":{"@id":"https:\/\/milijunas-hrvatska.com\/#website"},"datePublished":"2023-05-03T08:54:01+00:00","dateModified":"2023-05-26T12:34:41+00:00","breadcrumb":{"@id":"https:\/\/milijunas-hrvatska.com\/?page_id=45#breadcrumb"},"inLanguage":"sl-SI","potentialAction":[{"@type":"ReadAction","target":["https:\/\/milijunas-hrvatska.com\/?page_id=45"]}]},{"@type":"BreadcrumbList","@id":"https:\/\/milijunas-hrvatska.com\/?page_id=45#breadcrumb","itemListElement":[{"@type":"ListItem","position":1,"name":"Home","item":"https:\/\/milijunas-hrvatska.com\/"},{"@type":"ListItem","position":2,"name":"Vi\u0161e informacija"}]},{"@type":"WebSite","@id":"https:\/\/milijunas-hrvatska.com\/#website","url":"https:\/\/milijunas-hrvatska.com\/","name":"Pametnjakovi\u0107 Hrvatska","description":"Slu\u017ebena stranica aplikacije Pametnjakovi\u0107 Hrvatska","publisher":{"@id":"https:\/\/milijunas-hrvatska.com\/#organization"},"potentialAction":[{"@type":"SearchAction","target":{"@type":"EntryPoint","urlTemplate":"https:\/\/milijunas-hrvatska.com\/?s={search_term_string}"},"query-input":"required name=search_term_string"}],"inLanguage":"sl-SI"},{"@type":"Organization","@id":"https:\/\/milijunas-hrvatska.com\/#organization","name":"Pametnjakovi\u0107 Hrvatska","url":"https:\/\/milijunas-hrvatska.com\/","logo":{"@type":"ImageObject","inLanguage":"sl-SI","@id":"https:\/\/milijunas-hrvatska.com\/#\/schema\/logo\/image\/","url":"https:\/\/milijunas-hrvatska.com\/wp-content\/uploads\/2023\/04\/311179222_182531354289191_4078534098345751594_n.jpg","contentUrl":"https:\/\/milijunas-hrvatska.com\/wp-content\/uploads\/2023\/04\/311179222_182531354289191_4078534098345751594_n.jpg","width":2048,"height":2047,"caption":"Pametnjakovi\u0107 Hrvatska"},"image":{"@id":"https:\/\/milijunas-hrvatska.com\/#\/schema\/logo\/image\/"},"sameAs":["https:\/\/www.facebook.com\/pametnjakovic"]}]}},"_links":{"self":[{"href":"https:\/\/milijunas-hrvatska.com\/index.php?rest_route=\/wp\/v2\/pages\/45","targetHints":{"allow":["GET"]}}],"collection":[{"href":"https:\/\/milijunas-hrvatska.com\/index.php?rest_route=\/wp\/v2\/pages"}],"about":[{"href":"https:\/\/milijunas-hrvatska.com\/index.php?rest_route=\/wp\/v2\/types\/page"}],"author":[{"embeddable":true,"href":"https:\/\/milijunas-hrvatska.com\/index.php?rest_route=\/wp\/v2\/users\/1"}],"replies":[{"embeddable":true,"href":"https:\/\/milijunas-hrvatska.com\/index.php?rest_route=%2Fwp%2Fv2%2Fcomments&post=45"}],"version-history":[{"count":6,"href":"https:\/\/milijunas-hrvatska.com\/index.php?rest_route=\/wp\/v2\/pages\/45\/revisions"}],"predecessor-version":[{"id":93,"href":"https:\/\/milijunas-hrvatska.com\/index.php?rest_route=\/wp\/v2\/pages\/45\/revisions\/93"}],"wp:attachment":[{"href":"https:\/\/milijunas-hrvatska.com\/index.php?rest_route=%2Fwp%2Fv2%2Fmedia&parent=45"}],"curies":[{"name":"wp","href":"https:\/\/api.w.org\/{rel}","templated":true}]}}